{"id":19,"date":"2015-07-29T21:48:44","date_gmt":"2015-07-29T19:48:44","guid":{"rendered":"http:\/\/gnd-ev.de\/wordpress\/?page_id=19"},"modified":"2026-04-01T20:03:50","modified_gmt":"2026-04-01T18:03:50","slug":"impressum","status":"publish","type":"page","link":"https:\/\/gnd-ev.de\/wordpress\/impressum\/","title":{"rendered":"Impressum"},"content":{"rendered":"<h3 style=\"text-align: justify;\">Die nachstehenden Informationen enthalten die gesetzlich vorgesehenen Pflichtangaben zur Anbieterkennzeichnung nach \u00a7 5 TMG.<\/h3>\n<p style=\"text-align: justify;\">Gefangenen-Nichtsesshaftenhilfe Darmstadt e.V.<br \/>\nEmil-Voltz-Str. 12<br \/>\n64291 Darmstadt<\/p>\n<h3 style=\"text-align: justify;\">Vertreten durch:<\/h3>\n<p style=\"text-align: justify;\">Gesch\u00e4ftsf\u00fchrerin: Diana Behn<br \/>\nDie Gesch\u00e4ftsf\u00fchrerin vertritt den Verein au\u00dfergerichtlich allein.<\/p>\n<p style=\"text-align: justify;\">Vorstand: Peter Sch\u00fcttler, Anselm Zeyer und Peter A. M\u00fcller<br \/>\nDer Vorstand vertritt den Verein gerichtlich nach den Vorschriften des b\u00fcrgerlichen Rechts. Zur rechtsverbindlichen Vertretung nach au\u00dfen bedarf es der Unterschrift von zwei Vorstandsmitgliedern.<\/p>\n<h3>Kontakt:<\/h3>\n<table>\n<tbody>\n<tr>\n<td>Telefon:<\/td>\n<td>06151\/376367<\/td>\n<\/tr>\n<tr>\n<td>E-Mail:<\/td>\n<td>gnd-darmstadt@gmx.de<\/td>\n<\/tr>\n<tr>\n<td><\/td>\n<td><\/td>\n<\/tr>\n<\/tbody>\n<\/table>\n<h3>Registereintrag:<\/h3>\n<p>Registergericht: Amtsgericht Darmstadt<br \/>\nRegisternummer: 1465<\/p>\n<h3>Gemeinn\u00fctzigkeit:<\/h3>\n<p>Die Gefangenen-Nichtsesshaftenhilfe Darmstadt e.V. verfolgt ausschlie\u00dflich und unmittelbar steuerbeg\u00fcnstigte gemeinn\u00fctzige Zwecke im Sinne der \u00a7\u00a7 51 ff. AO.<\/p>\n<p>Die K\u00f6rperschaft f\u00f6rdert folgende gemeinn\u00fctzige Zwecke:<\/p>\n<ul>\n<li>F\u00f6rderung des Wohlfahrtswesens<\/li>\n<li>F\u00f6rderung der F\u00fcrsorge f\u00fcr Strafgefangene und ehemalige Strafgefangene<\/li>\n<\/ul>\n<p>Steuernummer beim Finanzamt Darmstadt: 007 250 85845<\/p>\n<p style=\"text-align: justify;\">Verantwortlich f\u00fcr den Internetauftritt nach \u00a7 55 (2) RStV ist die Gesch\u00e4ftsf\u00fchrerin Diana Behn<\/p>\n<p style=\"text-align: justify;\">Emil-Voltz-Str. 12<br \/>\n64291 Darmstadt<\/p>\n<p class=\"bodytext\" style=\"text-align: justify;\">F\u00fcr die Richtigkeit, Vollst\u00e4ndigkeit und Aktualit\u00e4t der in der\/n Domain\/s enthaltenen Informationen oder Verweise wird keine Gew\u00e4hr \u00fcbernommen. Jegliche Haftung f\u00fcr evtl. Sch\u00e4den aus der Nutzung des Link-Kataloges ist ausgeschlossen. Die hier angebotenen Links sind sorgf\u00e4ltig ausgew\u00e4hlt. Eine Verantwortung f\u00fcr den Inhalt der mittels Link angebotenen Seiten wird jedoch nicht \u00fcbernommen; verantwortlich f\u00fcr den Inhalt der verlinkten Seiten sind vielmehr die jeweiligen Autoren.<\/p>\n<p class=\"bodytext\" style=\"text-align: justify;\">Die Verfasserin distanziert sich ausdr\u00fccklich von eventuell rechtswidrigen Inhalten der verlinkten Seiten. Die Verfasserin bewertet den Inhalt dieser Seiten nur zum Zeitpunkt der Aufnahme in den Katalog; eine sp\u00e4tere \u00c4nderung kann nicht \u00fcberpr\u00fcft werden. Die Verfasserin hat auch keine Einflussm\u00f6glichkeit auf den Inhalt fremder Homepages im Falle deren kurzfristiger Entwicklung durch Updates und zeigt sich daher f\u00fcr deren Inhalt(e) in keiner Weise verantwortlich. Sollten Sie dennoch Kenntnis davon haben, dass ein auf diesen (fremden) Seiten angebotener Link auf eine Seite mit rechtsverletzenden Inhalten verweist, so senden Sie bitte umgehend eine eMail an gnd-darmstadt@gmx.de.<\/p>\n<p class=\"bodytext\" style=\"text-align: justify;\">Der Vollst\u00e4ndigkeit halber wird darauf hingewiesen, dass die vorgenannten Hinweise zum Haftungsausschluss sich ausdr\u00fccklich auch beziehen bzw. sinngem\u00e4\u00df erstrecken auf die Entscheidung des OLG K\u00f6ln vom 28.05.2002, Az.: 15 U 221\/01, soweit die dortigen Entscheidungsgr\u00fcnde im weitesten Sinne f\u00fcr die Inhalte dieser Homepage angewandt werden k\u00f6nn(t)en.<\/p>\n","protected":false},"excerpt":{"rendered":"<p>Die nachstehenden Informationen enthalten die gesetzlich vorgesehenen Pflichtangaben zur Anbieterkennzeichnung nach \u00a7 5 TMG. Gefangenen-Nichtsesshaftenhilfe Darmstadt e.V. Emil-Voltz-Str. 12 64291<\/p>\n<p class=\"readmore\"><a href=\"https:\/\/gnd-ev.de\/wordpress\/impressum\/\" title=\"Read Impressum\">Read more &raquo;<\/a><\/p>\n","protected":false},"author":1,"featured_media":0,"parent":0,"menu_order":0,"comment_status":"closed","ping_status":"closed","template":"","meta":{"footnotes":""},"class_list":["post-19","page","type-page","status-publish","hentry"],"_links":{"self":[{"href":"https:\/\/gnd-ev.de\/wordpress\/wp-json\/wp\/v2\/pages\/19","targetHints":{"allow":["GET"]}}],"collection":[{"href":"https:\/\/gnd-ev.de\/wordpress\/wp-json\/wp\/v2\/pages"}],"about":[{"href":"https:\/\/gnd-ev.de\/wordpress\/wp-json\/wp\/v2\/types\/page"}],"author":[{"embeddable":true,"href":"https:\/\/gnd-ev.de\/wordpress\/wp-json\/wp\/v2\/users\/1"}],"replies":[{"embeddable":true,"href":"https:\/\/gnd-ev.de\/wordpress\/wp-json\/wp\/v2\/comments?post=19"}],"version-history":[{"count":22,"href":"https:\/\/gnd-ev.de\/wordpress\/wp-json\/wp\/v2\/pages\/19\/revisions"}],"predecessor-version":[{"id":669,"href":"https:\/\/gnd-ev.de\/wordpress\/wp-json\/wp\/v2\/pages\/19\/revisions\/669"}],"wp:attachment":[{"href":"https:\/\/gnd-ev.de\/wordpress\/wp-json\/wp\/v2\/media?parent=19"}],"curies":[{"name":"wp","href":"https:\/\/api.w.org\/{rel}","templated":true}]}}