{"id":28,"date":"2015-07-29T22:39:11","date_gmt":"2015-07-29T20:39:11","guid":{"rendered":"http:\/\/gnd-ev.de\/wordpress\/?page_id=28"},"modified":"2026-04-01T20:00:07","modified_gmt":"2026-04-01T18:00:07","slug":"kontakt","status":"publish","type":"page","link":"https:\/\/gnd-ev.de\/wordpress\/kontakt\/","title":{"rendered":"Kontakt"},"content":{"rendered":"<p style=\"text-align: center;\">So kommen Sie in Kontakt mit uns:<\/p>\n<div align=\"center\">\n<p><strong>Gefangenen-Nichtsesshaftenhilfe Darmstadt e.V.<\/strong><br \/>\nHaus Arheilgen<br \/>\nEmil-Voltz-Stra\u00dfe 12<br \/>\n64291 Darmstadt<\/p>\n<p>Telefon: 06151 376367<br \/>\nE-Mail: gnd-darmstadt@gmx.de<\/p>\n<p><strong>Gefangenen-Nichtsesshaftenhilfe Darmstadt e.V.<\/strong><br \/>\nHaus Griesheim<br \/>\nPfungst\u00e4dter Stra\u00dfe 32<br \/>\n64347 Griesheim<\/p>\n<p>Telefon: 06155 2969<br \/>\nE-Mail: gnd-griesheim@gmx.de<\/p>\n<\/div>\n<p style=\"text-align: center;\">Wir sind vom Finanzamt als gemeinn\u00fctzig anerkannt und k\u00f6nnen f\u00fcr empfangene Spenden eine steuerabzugsf\u00e4hige Spendenbescheinigung ausstellen. Falls Sie unsere Arbeit durch eine Geldspende unterst\u00fctzen wollen, spenden Sie bitte auf folgendes Konto:<\/p>\n<p style=\"text-align: center;\">Stadt- und Kreissparkasse Darmstadt<\/p>\n<div class=\"bline\">\n<div class=\"label\" style=\"text-align: center;\">I<dfn><\/dfn>BAN:<\/div>\n<div class=\"ixxl\" style=\"text-align: center;\">DE86 5085 0150 0006 0017 34<\/div>\n<\/div>\n<div class=\"bline\"><\/div>\n<div class=\"bline\"><\/div>\n<p style=\"text-align: center;\">\n","protected":false},"excerpt":{"rendered":"<p>So kommen Sie in Kontakt mit uns: Gefangenen-Nichtsesshaftenhilfe Darmstadt e.V. Haus Arheilgen Emil-Voltz-Stra\u00dfe 12 64291 Darmstadt Telefon: 06151 376367 E-Mail:<\/p>\n<p class=\"readmore\"><a href=\"https:\/\/gnd-ev.de\/wordpress\/kontakt\/\" title=\"Read Kontakt\">Read more &raquo;<\/a><\/p>\n","protected":false},"author":1,"featured_media":181,"parent":0,"menu_order":0,"comment_status":"closed","ping_status":"closed","template":"","meta":{"footnotes":""},"class_list":["post-28","page","type-page","status-publish","has-post-thumbnail","hentry"],"_links":{"self":[{"href":"https:\/\/gnd-ev.de\/wordpress\/wp-json\/wp\/v2\/pages\/28","targetHints":{"allow":["GET"]}}],"collection":[{"href":"https:\/\/gnd-ev.de\/wordpress\/wp-json\/wp\/v2\/pages"}],"about":[{"href":"https:\/\/gnd-ev.de\/wordpress\/wp-json\/wp\/v2\/types\/page"}],"author":[{"embeddable":true,"href":"https:\/\/gnd-ev.de\/wordpress\/wp-json\/wp\/v2\/users\/1"}],"replies":[{"embeddable":true,"href":"https:\/\/gnd-ev.de\/wordpress\/wp-json\/wp\/v2\/comments?post=28"}],"version-history":[{"count":14,"href":"https:\/\/gnd-ev.de\/wordpress\/wp-json\/wp\/v2\/pages\/28\/revisions"}],"predecessor-version":[{"id":666,"href":"https:\/\/gnd-ev.de\/wordpress\/wp-json\/wp\/v2\/pages\/28\/revisions\/666"}],"wp:featuredmedia":[{"embeddable":true,"href":"https:\/\/gnd-ev.de\/wordpress\/wp-json\/wp\/v2\/media\/181"}],"wp:attachment":[{"href":"https:\/\/gnd-ev.de\/wordpress\/wp-json\/wp\/v2\/media?parent=28"}],"curies":[{"name":"wp","href":"https:\/\/api.w.org\/{rel}","templated":true}]}}