{"id":32,"date":"2015-07-29T22:39:55","date_gmt":"2015-07-29T20:39:55","guid":{"rendered":"http:\/\/gnd-ev.de\/wordpress\/?page_id=32"},"modified":"2015-11-18T09:35:26","modified_gmt":"2015-11-18T08:35:26","slug":"zielsetzung","status":"publish","type":"page","link":"https:\/\/gnd-ev.de\/wordpress\/die-gnd\/zielsetzung\/","title":{"rendered":"Zielsetzung"},"content":{"rendered":"<p>&nbsp;<\/p>\n<p style=\"text-align: justify;\">Der Zweck des Vereins ist die soziale (Re)Integration von Personen, bei denen besondere Lebensverh\u00e4ltnisse mit sozialen Schwierigkeiten verbunden sind.<\/p>\n<p style=\"text-align: justify;\">Angeboten wird eine umfassende Betreuung mit dem Ziel, diese Menschen in die Lage zu versetzen, ihr Leben verantwortungsbewusst und eigenst\u00e4ndig neu zu gestalten.<\/p>\n<p style=\"text-align: justify;\">Die Hilfe soll es den Bewohnern erm\u00f6glichen, alte negative Erfahrungen aufzuarbeiten, neue Erfahrungen zu sammeln und soziale Defizite auszugleichen.<br \/>\nDazu geh\u00f6rt eine realistische Einsch\u00e4tzung der eigenen Person und Lebenssituation.<br \/>\nDer gesch\u00fctzte Rahmen erm\u00f6glicht ein allm\u00e4hliches Erlernen sozialer Verhaltensformen wie Konflikt- und Kontaktf\u00e4higkeit. R\u00fcckschl\u00e4ge und Krisensituationen k\u00f6nnen aufgefangen werden.<\/p>\n<p style=\"text-align: justify;\">\n<p>&nbsp;<\/p>\n","protected":false},"excerpt":{"rendered":"<p>&nbsp; Der Zweck des Vereins ist die soziale (Re)Integration von Personen, bei denen besondere Lebensverh\u00e4ltnisse mit sozialen Schwierigkeiten verbunden sind.<\/p>\n<p class=\"readmore\"><a href=\"https:\/\/gnd-ev.de\/wordpress\/die-gnd\/zielsetzung\/\" title=\"Read Zielsetzung\">Read more &raquo;<\/a><\/p>\n","protected":false},"author":1,"featured_media":0,"parent":30,"menu_order":0,"comment_status":"closed","ping_status":"closed","template":"","meta":{"footnotes":""},"class_list":["post-32","page","type-page","status-publish","hentry"],"_links":{"self":[{"href":"https:\/\/gnd-ev.de\/wordpress\/wp-json\/wp\/v2\/pages\/32","targetHints":{"allow":["GET"]}}],"collection":[{"href":"https:\/\/gnd-ev.de\/wordpress\/wp-json\/wp\/v2\/pages"}],"about":[{"href":"https:\/\/gnd-ev.de\/wordpress\/wp-json\/wp\/v2\/types\/page"}],"author":[{"embeddable":true,"href":"https:\/\/gnd-ev.de\/wordpress\/wp-json\/wp\/v2\/users\/1"}],"replies":[{"embeddable":true,"href":"https:\/\/gnd-ev.de\/wordpress\/wp-json\/wp\/v2\/comments?post=32"}],"version-history":[{"count":3,"href":"https:\/\/gnd-ev.de\/wordpress\/wp-json\/wp\/v2\/pages\/32\/revisions"}],"predecessor-version":[{"id":208,"href":"https:\/\/gnd-ev.de\/wordpress\/wp-json\/wp\/v2\/pages\/32\/revisions\/208"}],"up":[{"embeddable":true,"href":"https:\/\/gnd-ev.de\/wordpress\/wp-json\/wp\/v2\/pages\/30"}],"wp:attachment":[{"href":"https:\/\/gnd-ev.de\/wordpress\/wp-json\/wp\/v2\/media?parent=32"}],"curies":[{"name":"wp","href":"https:\/\/api.w.org\/{rel}","templated":true}]}}