{"id":34,"date":"2015-07-29T22:40:20","date_gmt":"2015-07-29T20:40:20","guid":{"rendered":"http:\/\/gnd-ev.de\/wordpress\/?page_id=34"},"modified":"2018-08-16T12:50:44","modified_gmt":"2018-08-16T10:50:44","slug":"organisationsstruktur","status":"publish","type":"page","link":"https:\/\/gnd-ev.de\/wordpress\/die-gnd\/organisationsstruktur\/","title":{"rendered":"Organisationsstruktur"},"content":{"rendered":"<p style=\"text-align: justify;\">Die Gefangenen \u2013 Nichtsesshaftenhilfe Darmstadt e.V. (GND e.V.) besteht seit 1977. Der Verein verfolgt unmittelbar und ausschlie\u00dflich gemeinn\u00fctzige Zwecke im Sinn der \u00a7\u00a7 51 \u2013 68 AO (Abgabenverordnung) bzw. entsprechender Bestimmungen.<\/p>\n<p style=\"text-align: justify;\">Die Mitgliederversammlung w\u00e4hlt f\u00fcr die Dauer von vier Jahren einen aus drei Personen bestehenden Vorstand, der ehrenamtlich t\u00e4tig ist.<\/p>\n<p style=\"text-align: justify;\">Der Vorstand beruft zur Erledigung der laufenden Gesch\u00e4fte einen hauptamtlichen Gesch\u00e4ftsf\u00fchrer.<\/p>\n<p style=\"text-align: justify;\">Weitere Einzelheiten sind der <a href=\"http:\/\/gnd-ev.de\/wordpress\/wp-content\/uploads\/2015\/07\/Satzung.pdf\">Satzung<\/a> in der jeweils g\u00fcltigen Fassung zu entnehmen.<\/p>\n<p style=\"text-align: justify;\">Die Struktur des Vereins ist in einem\u00a0<a href=\"http:\/\/gnd-ev.de\/wordpress\/wp-content\/uploads\/2015\/07\/Organigramm.pdf\">Organigramm<\/a> dargestellt.<\/p>\n<p>&nbsp;<\/p>\n","protected":false},"excerpt":{"rendered":"<p>Die Gefangenen \u2013 Nichtsesshaftenhilfe Darmstadt e.V. (GND e.V.) besteht seit 1977. Der Verein verfolgt unmittelbar und ausschlie\u00dflich gemeinn\u00fctzige Zwecke im<\/p>\n<p class=\"readmore\"><a href=\"https:\/\/gnd-ev.de\/wordpress\/die-gnd\/organisationsstruktur\/\" title=\"Read Organisationsstruktur\">Read more &raquo;<\/a><\/p>\n","protected":false},"author":1,"featured_media":0,"parent":30,"menu_order":0,"comment_status":"closed","ping_status":"closed","template":"","meta":{"footnotes":""},"class_list":["post-34","page","type-page","status-publish","hentry"],"_links":{"self":[{"href":"https:\/\/gnd-ev.de\/wordpress\/wp-json\/wp\/v2\/pages\/34","targetHints":{"allow":["GET"]}}],"collection":[{"href":"https:\/\/gnd-ev.de\/wordpress\/wp-json\/wp\/v2\/pages"}],"about":[{"href":"https:\/\/gnd-ev.de\/wordpress\/wp-json\/wp\/v2\/types\/page"}],"author":[{"embeddable":true,"href":"https:\/\/gnd-ev.de\/wordpress\/wp-json\/wp\/v2\/users\/1"}],"replies":[{"embeddable":true,"href":"https:\/\/gnd-ev.de\/wordpress\/wp-json\/wp\/v2\/comments?post=34"}],"version-history":[{"count":9,"href":"https:\/\/gnd-ev.de\/wordpress\/wp-json\/wp\/v2\/pages\/34\/revisions"}],"predecessor-version":[{"id":390,"href":"https:\/\/gnd-ev.de\/wordpress\/wp-json\/wp\/v2\/pages\/34\/revisions\/390"}],"up":[{"embeddable":true,"href":"https:\/\/gnd-ev.de\/wordpress\/wp-json\/wp\/v2\/pages\/30"}],"wp:attachment":[{"href":"https:\/\/gnd-ev.de\/wordpress\/wp-json\/wp\/v2\/media?parent=34"}],"curies":[{"name":"wp","href":"https:\/\/api.w.org\/{rel}","templated":true}]}}