{"id":36,"date":"2015-07-29T22:40:40","date_gmt":"2015-07-29T20:40:40","guid":{"rendered":"http:\/\/gnd-ev.de\/wordpress\/?page_id=36"},"modified":"2015-11-23T15:17:10","modified_gmt":"2015-11-23T14:17:10","slug":"finanzierung","status":"publish","type":"page","link":"https:\/\/gnd-ev.de\/wordpress\/die-gnd\/finanzierung\/","title":{"rendered":"Finanzierung"},"content":{"rendered":"<p style=\"text-align: justify;\">Die Finanzierung erfolgt durch:<\/p>\n<ul>\n<li>Entgelte der zust\u00e4ndigen Kostentr\u00e4ger<\/li>\n<li>Bu\u00dfgelder<\/li>\n<li>Spenden<\/li>\n<li>Mitgliedsbeitr\u00e4ge<\/li>\n<\/ul>\n","protected":false},"excerpt":{"rendered":"<p>Die Finanzierung erfolgt durch: Entgelte der zust\u00e4ndigen Kostentr\u00e4ger Bu\u00dfgelder Spenden Mitgliedsbeitr\u00e4ge<\/p>\n","protected":false},"author":1,"featured_media":0,"parent":30,"menu_order":0,"comment_status":"closed","ping_status":"closed","template":"","meta":{"footnotes":""},"class_list":["post-36","page","type-page","status-publish","hentry"],"_links":{"self":[{"href":"https:\/\/gnd-ev.de\/wordpress\/wp-json\/wp\/v2\/pages\/36","targetHints":{"allow":["GET"]}}],"collection":[{"href":"https:\/\/gnd-ev.de\/wordpress\/wp-json\/wp\/v2\/pages"}],"about":[{"href":"https:\/\/gnd-ev.de\/wordpress\/wp-json\/wp\/v2\/types\/page"}],"author":[{"embeddable":true,"href":"https:\/\/gnd-ev.de\/wordpress\/wp-json\/wp\/v2\/users\/1"}],"replies":[{"embeddable":true,"href":"https:\/\/gnd-ev.de\/wordpress\/wp-json\/wp\/v2\/comments?post=36"}],"version-history":[{"count":7,"href":"https:\/\/gnd-ev.de\/wordpress\/wp-json\/wp\/v2\/pages\/36\/revisions"}],"predecessor-version":[{"id":262,"href":"https:\/\/gnd-ev.de\/wordpress\/wp-json\/wp\/v2\/pages\/36\/revisions\/262"}],"up":[{"embeddable":true,"href":"https:\/\/gnd-ev.de\/wordpress\/wp-json\/wp\/v2\/pages\/30"}],"wp:attachment":[{"href":"https:\/\/gnd-ev.de\/wordpress\/wp-json\/wp\/v2\/media?parent=36"}],"curies":[{"name":"wp","href":"https:\/\/api.w.org\/{rel}","templated":true}]}}