{"id":40,"date":"2015-07-29T22:41:26","date_gmt":"2015-07-29T20:41:26","guid":{"rendered":"http:\/\/gnd-ev.de\/wordpress\/?page_id=40"},"modified":"2015-11-23T15:12:47","modified_gmt":"2015-11-23T14:12:47","slug":"raeumlichkeiten","status":"publish","type":"page","link":"https:\/\/gnd-ev.de\/wordpress\/die-gnd\/raeumlichkeiten\/","title":{"rendered":"R\u00e4umlichkeiten"},"content":{"rendered":"<p style=\"text-align: justify;\">Die GND verf\u00fcgt \u00fcber ein Haus in Darmstadt \u2013 Arheilgen mit zehn Bewohnerpl\u00e4tzen und ein Haus in Griesheim mit neun Pl\u00e4tzen,<\/p>\n<p style=\"text-align: justify;\">wobei\u00a0 es sich jeweils um voll m\u00f6blierte Einzelzimmer handelt. Die Zimmer verf\u00fcgen \u00fcber K\u00fchlschrank, DVB-T-Anschluss und W-LAN.<\/p>\n<p style=\"text-align: justify;\">\n<p><a href=\"http:\/\/gnd-ev.de\/wordpress\/wp-content\/uploads\/2015\/07\/Zimmer.jpg\"><img loading=\"lazy\" decoding=\"async\" class=\"size-medium wp-image-127\" src=\"http:\/\/gnd-ev.de\/wordpress\/wp-content\/uploads\/2015\/07\/Zimmer-300x168.jpg\" alt=\"SONY DSC\" width=\"300\" height=\"168\" srcset=\"https:\/\/gnd-ev.de\/wordpress\/wp-content\/uploads\/2015\/07\/Zimmer-300x168.jpg 300w, https:\/\/gnd-ev.de\/wordpress\/wp-content\/uploads\/2015\/07\/Zimmer-1024x574.jpg 1024w\" sizes=\"auto, (max-width: 300px) 100vw, 300px\" \/><\/a><\/p>\n<p><a href=\"http:\/\/gnd-ev.de\/wordpress\/wp-content\/uploads\/2015\/07\/Zi-6.jpg\"><img loading=\"lazy\" decoding=\"async\" class=\"size-medium wp-image-164 aligncenter\" src=\"http:\/\/gnd-ev.de\/wordpress\/wp-content\/uploads\/2015\/07\/Zi-6-300x168.jpg\" alt=\"SONY DSC\" width=\"300\" height=\"168\" srcset=\"https:\/\/gnd-ev.de\/wordpress\/wp-content\/uploads\/2015\/07\/Zi-6-300x168.jpg 300w, https:\/\/gnd-ev.de\/wordpress\/wp-content\/uploads\/2015\/07\/Zi-6-1024x574.jpg 1024w\" sizes=\"auto, (max-width: 300px) 100vw, 300px\" \/><\/a><\/p>\n<p><img loading=\"lazy\" decoding=\"async\" class=\"size-medium wp-image-163 alignright\" src=\"http:\/\/gnd-ev.de\/wordpress\/wp-content\/uploads\/2015\/07\/Zi-31-300x168.jpg\" alt=\"SONY DSC\" width=\"300\" height=\"168\" srcset=\"https:\/\/gnd-ev.de\/wordpress\/wp-content\/uploads\/2015\/07\/Zi-31-300x168.jpg 300w, https:\/\/gnd-ev.de\/wordpress\/wp-content\/uploads\/2015\/07\/Zi-31-1024x574.jpg 1024w\" sizes=\"auto, (max-width: 300px) 100vw, 300px\" \/><\/p>\n<p>&nbsp;<\/p>\n<p>&nbsp;<\/p>\n<p>&nbsp;<\/p>\n<p>&nbsp;<\/p>\n<p>&nbsp;<\/p>\n<p>&nbsp;<\/p>\n<p style=\"text-align: justify;\">Jede Wohneinrichtung ist neben den B\u00fcror\u00e4umen mit gemeinschaftlich genutzten R\u00e4umen wie K\u00fcche, Aufenthaltsraum, Bad und Garten ausgestattet.<\/p>\n<p><a href=\"http:\/\/gnd-ev.de\/wordpress\/wp-content\/uploads\/2015\/07\/DSC02913.jpg\"><img loading=\"lazy\" decoding=\"async\" class=\"alignnone size-medium wp-image-157\" src=\"http:\/\/gnd-ev.de\/wordpress\/wp-content\/uploads\/2015\/07\/DSC02913-300x225.jpg\" alt=\"DSC02913\" width=\"300\" height=\"225\" srcset=\"https:\/\/gnd-ev.de\/wordpress\/wp-content\/uploads\/2015\/07\/DSC02913-300x225.jpg 300w, https:\/\/gnd-ev.de\/wordpress\/wp-content\/uploads\/2015\/07\/DSC02913-1024x768.jpg 1024w\" sizes=\"auto, (max-width: 300px) 100vw, 300px\" \/><\/a><\/p>\n<p style=\"text-align: center;\"><a href=\"http:\/\/gnd-ev.de\/wordpress\/wp-content\/uploads\/2015\/07\/GND-H\u00e4user-022.jpg\"><img loading=\"lazy\" decoding=\"async\" class=\"alignnone size-medium wp-image-158\" src=\"http:\/\/gnd-ev.de\/wordpress\/wp-content\/uploads\/2015\/07\/GND-H\u00e4user-022-300x225.jpg\" alt=\"GND H\u00e4user 022\" width=\"300\" height=\"225\" srcset=\"https:\/\/gnd-ev.de\/wordpress\/wp-content\/uploads\/2015\/07\/GND-H\u00e4user-022-300x225.jpg 300w, https:\/\/gnd-ev.de\/wordpress\/wp-content\/uploads\/2015\/07\/GND-H\u00e4user-022-1024x768.jpg 1024w\" sizes=\"auto, (max-width: 300px) 100vw, 300px\" \/><\/a><\/p>\n<p style=\"text-align: center;\"><a href=\"http:\/\/gnd-ev.de\/wordpress\/wp-content\/uploads\/2015\/07\/DSC00686.jpg\"><img loading=\"lazy\" decoding=\"async\" class=\"alignnone size-medium wp-image-176 alignright\" src=\"http:\/\/gnd-ev.de\/wordpress\/wp-content\/uploads\/2015\/07\/DSC00686-300x200.jpg\" alt=\"DSC00686\" width=\"300\" height=\"200\" srcset=\"https:\/\/gnd-ev.de\/wordpress\/wp-content\/uploads\/2015\/07\/DSC00686-300x200.jpg 300w, https:\/\/gnd-ev.de\/wordpress\/wp-content\/uploads\/2015\/07\/DSC00686-1024x682.jpg 1024w, https:\/\/gnd-ev.de\/wordpress\/wp-content\/uploads\/2015\/07\/DSC00686.jpg 1200w\" sizes=\"auto, (max-width: 300px) 100vw, 300px\" \/><\/a><\/p>\n<p>&nbsp;<\/p>\n<p>&nbsp;<\/p>\n<p>&nbsp;<\/p>\n<p>&nbsp;<\/p>\n<p>&nbsp;<\/p>\n<p>&nbsp;<\/p>\n<p style=\"text-align: justify;\">Beide H\u00e4user befinden sich in traditionellen Wohngebieten, sind als Wohnheime von au\u00dfen nicht zu erkennen und verf\u00fcgen \u00fcber direkten Stra\u00dfenbahnanschluss.<\/p>\n<p>&nbsp;<\/p>\n<p>&nbsp;<\/p>\n<p>&nbsp;<\/p>\n","protected":false},"excerpt":{"rendered":"<p>Die GND verf\u00fcgt \u00fcber ein Haus in Darmstadt \u2013 Arheilgen mit zehn Bewohnerpl\u00e4tzen und ein Haus in Griesheim mit neun<\/p>\n<p class=\"readmore\"><a href=\"https:\/\/gnd-ev.de\/wordpress\/die-gnd\/raeumlichkeiten\/\" title=\"Read R\u00e4umlichkeiten\">Read more &raquo;<\/a><\/p>\n","protected":false},"author":1,"featured_media":0,"parent":30,"menu_order":0,"comment_status":"closed","ping_status":"closed","template":"","meta":{"footnotes":""},"class_list":["post-40","page","type-page","status-publish","hentry"],"_links":{"self":[{"href":"https:\/\/gnd-ev.de\/wordpress\/wp-json\/wp\/v2\/pages\/40","targetHints":{"allow":["GET"]}}],"collection":[{"href":"https:\/\/gnd-ev.de\/wordpress\/wp-json\/wp\/v2\/pages"}],"about":[{"href":"https:\/\/gnd-ev.de\/wordpress\/wp-json\/wp\/v2\/types\/page"}],"author":[{"embeddable":true,"href":"https:\/\/gnd-ev.de\/wordpress\/wp-json\/wp\/v2\/users\/1"}],"replies":[{"embeddable":true,"href":"https:\/\/gnd-ev.de\/wordpress\/wp-json\/wp\/v2\/comments?post=40"}],"version-history":[{"count":10,"href":"https:\/\/gnd-ev.de\/wordpress\/wp-json\/wp\/v2\/pages\/40\/revisions"}],"predecessor-version":[{"id":260,"href":"https:\/\/gnd-ev.de\/wordpress\/wp-json\/wp\/v2\/pages\/40\/revisions\/260"}],"up":[{"embeddable":true,"href":"https:\/\/gnd-ev.de\/wordpress\/wp-json\/wp\/v2\/pages\/30"}],"wp:attachment":[{"href":"https:\/\/gnd-ev.de\/wordpress\/wp-json\/wp\/v2\/media?parent=40"}],"curies":[{"name":"wp","href":"https:\/\/api.w.org\/{rel}","templated":true}]}}