{"id":42,"date":"2015-07-29T22:41:48","date_gmt":"2015-07-29T20:41:48","guid":{"rendered":"http:\/\/gnd-ev.de\/wordpress\/?page_id=42"},"modified":"2025-12-04T12:06:40","modified_gmt":"2025-12-04T11:06:40","slug":"arbeitsweise","status":"publish","type":"page","link":"https:\/\/gnd-ev.de\/wordpress\/arbeitsweise\/","title":{"rendered":"Arbeitsweise"},"content":{"rendered":"<table border=\"0\" width=\"95%\" cellspacing=\"0\" cellpadding=\"0\" align=\"right\">\n<tbody>\n<tr>\n<td style=\"text-align: justify;\" valign=\"top\" width=\"73%\"><b>Aufnahme und Betreuung<\/b> finden M\u00e4nner und Frauen ab 18 Jahren, die mit vielf\u00e4ltigen Problemen im sozialen und wirtschaftlichen Bereich belastet sind, wie z.B. Haftentlassene oder wohnungslose Menschen. Bei der Unterbringung handelt es sich um eine zeitlich befristete Ma\u00dfnahme gem\u00e4\u00df \u00a7\u00a7 67 ff. SGB XII.<\/td>\n<\/tr>\n<\/tbody>\n<\/table>\n","protected":false},"excerpt":{"rendered":"<p>Aufnahme und Betreuung finden M\u00e4nner und Frauen ab 18 Jahren, die mit vielf\u00e4ltigen Problemen im sozialen und wirtschaftlichen Bereich belastet<\/p>\n<p class=\"readmore\"><a href=\"https:\/\/gnd-ev.de\/wordpress\/arbeitsweise\/\" title=\"Read Arbeitsweise\">Read more &raquo;<\/a><\/p>\n","protected":false},"author":1,"featured_media":116,"parent":0,"menu_order":0,"comment_status":"closed","ping_status":"closed","template":"","meta":{"footnotes":""},"class_list":["post-42","page","type-page","status-publish","has-post-thumbnail","hentry"],"_links":{"self":[{"href":"https:\/\/gnd-ev.de\/wordpress\/wp-json\/wp\/v2\/pages\/42","targetHints":{"allow":["GET"]}}],"collection":[{"href":"https:\/\/gnd-ev.de\/wordpress\/wp-json\/wp\/v2\/pages"}],"about":[{"href":"https:\/\/gnd-ev.de\/wordpress\/wp-json\/wp\/v2\/types\/page"}],"author":[{"embeddable":true,"href":"https:\/\/gnd-ev.de\/wordpress\/wp-json\/wp\/v2\/users\/1"}],"replies":[{"embeddable":true,"href":"https:\/\/gnd-ev.de\/wordpress\/wp-json\/wp\/v2\/comments?post=42"}],"version-history":[{"count":8,"href":"https:\/\/gnd-ev.de\/wordpress\/wp-json\/wp\/v2\/pages\/42\/revisions"}],"predecessor-version":[{"id":618,"href":"https:\/\/gnd-ev.de\/wordpress\/wp-json\/wp\/v2\/pages\/42\/revisions\/618"}],"wp:featuredmedia":[{"embeddable":true,"href":"https:\/\/gnd-ev.de\/wordpress\/wp-json\/wp\/v2\/media\/116"}],"wp:attachment":[{"href":"https:\/\/gnd-ev.de\/wordpress\/wp-json\/wp\/v2\/media?parent=42"}],"curies":[{"name":"wp","href":"https:\/\/api.w.org\/{rel}","templated":true}]}}