{"id":62,"date":"2015-11-04T18:33:02","date_gmt":"2015-11-04T17:33:02","guid":{"rendered":"http:\/\/gnd-ev.de\/wordpress\/?page_id=62"},"modified":"2015-12-03T13:50:05","modified_gmt":"2015-12-03T12:50:05","slug":"rechtliche-grundlagen","status":"publish","type":"page","link":"https:\/\/gnd-ev.de\/wordpress\/arbeitsweise\/rechtliche-grundlagen\/","title":{"rendered":"Rechtliche Grundlagen"},"content":{"rendered":"<p style=\"text-align: justify;\">Die Arbeit des Vereins basiert auf der rechtlichen Grundlage des <a href=\"http:\/\/www.gesetze-im-internet.de\/sgb_12\/__67.html\">\u00a7\u00a7 67 ff. SGB XII<\/a> .<\/p>\n<p style=\"text-align: justify;\">(1) &#8220;Personen, bei denen besondere Lebensverh\u00e4ltnisse mit sozialen Schwierigkeiten verbunden sind, sind Leistungen zur \u00dcberwindung dieser Schwierigkeiten zu erbringen, wenn sie aus eigener Kraft hierzu nicht f\u00e4hig sind&#8221; (&#8230;).<\/p>\n<p style=\"text-align: justify;\">(2) &#8220;Die Leistungen umfassen alle Ma\u00dfnahmen, die notwendig sind, um die Schwierigkeiten abzuwenden, zu beseitigen, zu mildern oder ihre Verschlimmerung zu verh\u00fcten, insbesondere Beratung und pers\u00f6nliche Betreuung f\u00fcr die Leistungsberechtigten und ihre Angeh\u00f6rigen, Hilfen zur Ausbildung, Erlangung und Sicherung eines Arbeitsplatzes sowie Ma\u00dfnahmen bei der Erhaltung und Beschaffung einer Wohnung &#8220;(&#8230;).<\/p>\n","protected":false},"excerpt":{"rendered":"<p>Die Arbeit des Vereins basiert auf der rechtlichen Grundlage des \u00a7\u00a7 67 ff. SGB XII . (1) &#8220;Personen, bei denen<\/p>\n<p class=\"readmore\"><a href=\"https:\/\/gnd-ev.de\/wordpress\/arbeitsweise\/rechtliche-grundlagen\/\" title=\"Read Rechtliche Grundlagen\">Read more &raquo;<\/a><\/p>\n","protected":false},"author":2,"featured_media":0,"parent":42,"menu_order":0,"comment_status":"closed","ping_status":"closed","template":"","meta":{"footnotes":""},"class_list":["post-62","page","type-page","status-publish","hentry"],"_links":{"self":[{"href":"https:\/\/gnd-ev.de\/wordpress\/wp-json\/wp\/v2\/pages\/62","targetHints":{"allow":["GET"]}}],"collection":[{"href":"https:\/\/gnd-ev.de\/wordpress\/wp-json\/wp\/v2\/pages"}],"about":[{"href":"https:\/\/gnd-ev.de\/wordpress\/wp-json\/wp\/v2\/types\/page"}],"author":[{"embeddable":true,"href":"https:\/\/gnd-ev.de\/wordpress\/wp-json\/wp\/v2\/users\/2"}],"replies":[{"embeddable":true,"href":"https:\/\/gnd-ev.de\/wordpress\/wp-json\/wp\/v2\/comments?post=62"}],"version-history":[{"count":4,"href":"https:\/\/gnd-ev.de\/wordpress\/wp-json\/wp\/v2\/pages\/62\/revisions"}],"predecessor-version":[{"id":290,"href":"https:\/\/gnd-ev.de\/wordpress\/wp-json\/wp\/v2\/pages\/62\/revisions\/290"}],"up":[{"embeddable":true,"href":"https:\/\/gnd-ev.de\/wordpress\/wp-json\/wp\/v2\/pages\/42"}],"wp:attachment":[{"href":"https:\/\/gnd-ev.de\/wordpress\/wp-json\/wp\/v2\/media?parent=62"}],"curies":[{"name":"wp","href":"https:\/\/api.w.org\/{rel}","templated":true}]}}