{"id":89,"date":"2015-11-09T14:46:18","date_gmt":"2015-11-09T13:46:18","guid":{"rendered":"http:\/\/gnd-ev.de\/wordpress\/?page_id=89"},"modified":"2026-04-01T19:58:36","modified_gmt":"2026-04-01T17:58:36","slug":"methodik-und-betreuungsverlauf","status":"publish","type":"page","link":"https:\/\/gnd-ev.de\/wordpress\/arbeitsweise\/methodik-und-betreuungsverlauf\/","title":{"rendered":"Angebot der Einrichtung"},"content":{"rendered":"<p style=\"text-align: justify;\">Das Angebot der Einrichtung besteht neben den r\u00e4umlichen Angeboten in einer umfassenden psychosozialen Betreuung, welche durch Fachkr\u00e4fte der Berufsgruppen Sozialp\u00e4dagogik \/ Sozialarbeit geleistet wird.<br \/>\nNach einer Aufnahmephase wird ein individueller Hilfeplan erstellt, welcher als Grundlage f\u00fcr den weiteren Betreuungsverlauf dient. Notwendige \u00c4nderungen und Anpassungen erfolgen nach Bedarf.<br \/>\nEs findet eine Verwaltung der finanziellen Eigenmittel der Bewohner statt. Hierdurch kann, neben dem Ansparen von Geldmitteln f\u00fcr eine Entschuldung, schrittweise ein verantwortungsbewusster geplanter Umgang mit den Eigenmitteln erreicht werden.<br \/>\nDie Hilfe soll so angelegt sein, dass der Einzelne in die Lage versetzt wird, nach seinem Auszug aus der Einrichtung ohne fremde Hilfen zu leben, bzw. weitergehende Hilfe selbst\u00e4ndig in Anspruch zu nehmen. Den individuellen Problemlagen und F\u00e4higkeiten eines Bewohner wird dabei Rechnung getragen werden.<\/p>\n<p style=\"text-align: justify;\">Das Angebot der Einrichtung besteht u.a. in:<br \/>\n\u2022 Bereitstellung eines m\u00f6blierten Einzelzimmers mit K\u00fchlschrank und W-LAN<br \/>\n\u2022 Aufenthaltsr\u00e4ume<br \/>\n\u2022 Ausstattung mit notwendigem Hausrat<br \/>\n\u2022 Auszahlung der Sozialhilfe<br \/>\n\u2022 Unterst\u00fctzung und Begleitung bei Beh\u00f6rdenkontakten<br \/>\n\u2022 Hilfe bei der Sicherung von Leistungsanspr\u00fcchen<br \/>\n\u2022 Psychosoziale Betreuung, allgemeine Lebensberatung<br \/>\n\u2022 Begleitung zu Gerichts- und Anh\u00f6rungsterminen<br \/>\n\u2022 Vermittlung an Fachberatungsstellen<br \/>\n\u2022 Unterst\u00fctzung bei der Wiederbeschaffung notwendiger Dokumente<br \/>\n\u2022 Hilfe bei der Arbeitssuche und Arbeitsplatzsicherung<br \/>\n\u2022 Hilfe bei der Wohnungssuche<br \/>\n\u2022 Hilfe bei Auszug aus der Einrichtung<\/p>\n<p>Am Aufnahmetag wird ein <a href=\"http:\/\/gnd-ev.de\/wordpress\/wp-content\/uploads\/2026\/04\/Wohn-und-Betreuungsvertrag-ab-2026.pdf\">Wohn-und-Betreuungsvertrag<\/a> abgeschlossen, der f\u00fcr die gesamte Betreuungszeit g\u00fcltig ist.<\/p>\n<p>Ausf\u00fchrlich ist das Angebot nachzulesen in der <a href=\"http:\/\/gnd-ev.de\/wordpress\/wp-content\/uploads\/2026\/04\/240423-Konzeption.pdf\">Konzeption<\/a>.<\/p>\n","protected":false},"excerpt":{"rendered":"<p>Das Angebot der Einrichtung besteht neben den r\u00e4umlichen Angeboten in einer umfassenden psychosozialen Betreuung, welche durch Fachkr\u00e4fte der Berufsgruppen Sozialp\u00e4dagogik<\/p>\n<p class=\"readmore\"><a href=\"https:\/\/gnd-ev.de\/wordpress\/arbeitsweise\/methodik-und-betreuungsverlauf\/\" title=\"Read Angebot der Einrichtung\">Read more &raquo;<\/a><\/p>\n","protected":false},"author":2,"featured_media":0,"parent":42,"menu_order":0,"comment_status":"closed","ping_status":"closed","template":"","meta":{"footnotes":""},"class_list":["post-89","page","type-page","status-publish","hentry"],"_links":{"self":[{"href":"https:\/\/gnd-ev.de\/wordpress\/wp-json\/wp\/v2\/pages\/89","targetHints":{"allow":["GET"]}}],"collection":[{"href":"https:\/\/gnd-ev.de\/wordpress\/wp-json\/wp\/v2\/pages"}],"about":[{"href":"https:\/\/gnd-ev.de\/wordpress\/wp-json\/wp\/v2\/types\/page"}],"author":[{"embeddable":true,"href":"https:\/\/gnd-ev.de\/wordpress\/wp-json\/wp\/v2\/users\/2"}],"replies":[{"embeddable":true,"href":"https:\/\/gnd-ev.de\/wordpress\/wp-json\/wp\/v2\/comments?post=89"}],"version-history":[{"count":29,"href":"https:\/\/gnd-ev.de\/wordpress\/wp-json\/wp\/v2\/pages\/89\/revisions"}],"predecessor-version":[{"id":665,"href":"https:\/\/gnd-ev.de\/wordpress\/wp-json\/wp\/v2\/pages\/89\/revisions\/665"}],"up":[{"embeddable":true,"href":"https:\/\/gnd-ev.de\/wordpress\/wp-json\/wp\/v2\/pages\/42"}],"wp:attachment":[{"href":"https:\/\/gnd-ev.de\/wordpress\/wp-json\/wp\/v2\/media?parent=89"}],"curies":[{"name":"wp","href":"https:\/\/api.w.org\/{rel}","templated":true}]}}